{"id":125,"date":"2023-02-28T07:09:11","date_gmt":"2023-02-28T07:09:11","guid":{"rendered":"http:\/\/fuhys011.public.ads.uni-freiburg.de\/?page_id=125"},"modified":"2024-09-23T07:15:28","modified_gmt":"2024-09-23T07:15:28","slug":"foerderungen","status":"publish","type":"page","link":"https:\/\/www.netzwerk-hydrologie.de\/index.php\/foerderungen\/","title":{"rendered":"F\u00f6rderungen"},"content":{"rendered":"<div data-colibri-id=\"125-c1\" class=\"style-469 style-local-125-c1 position-relative\">\n  <!---->\n  <div data-colibri-component=\"section\" data-colibri-id=\"125-c2\" id=\"features\" class=\"h-section h-section-global-spacing d-flex align-items-lg-center align-items-md-center align-items-center style-470 style-local-125-c2 position-relative\">\n    <!---->\n    <!---->\n    <div class=\"h-section-grid-container h-section-boxed-container\">\n      <div data-colibri-id=\"125-c29\" class=\"h-row-container gutters-row-lg-2 gutters-row-md-2 gutters-row-0 gutters-row-v-lg-2 gutters-row-v-md-2 gutters-row-v-2 style-478 style-local-125-c29 position-relative\">\n        <!---->\n        <div class=\"h-row justify-content-lg-center justify-content-md-center justify-content-center align-items-lg-stretch align-items-md-stretch align-items-stretch gutters-col-lg-2 gutters-col-md-2 gutters-col-0 gutters-col-v-lg-2 gutters-col-v-md-2 gutters-col-v-2\">\n          <!---->\n          <div class=\"h-column h-column-container d-flex h-col-lg-auto h-col-md-auto h-col-auto style-479-outer style-local-125-c30-outer\">\n            <div data-colibri-id=\"125-c30\" class=\"d-flex h-flex-basis h-column__inner h-px-lg-2 h-px-md-2 h-px-2 v-inner-lg-2 v-inner-md-2 v-inner-2 style-479 style-local-125-c30 position-relative\">\n              <!---->\n              <!---->\n              <div class=\"w-100 h-y-container h-column__content h-column__v-align flex-basis-100 align-self-lg-start align-self-md-start align-self-start\">\n                <!---->\n                <div data-colibri-id=\"125-c31\" class=\"h-global-transition-all h-heading style-480 style-local-125-c31 position-relative h-element\">\n                  <!---->\n                  <div class=\"h-heading__outer style-480 style-local-125-c31\">\n                    <!---->\n                    <!---->\n                    <h2 class=\"\">Was &amp; Wen wir f\u00f6rdern:<\/h2>\n                  <\/div>\n                <\/div>\n                <div data-colibri-id=\"125-c32\" class=\"h-lead h-text h-text-component style-481 style-local-125-c32 position-relative h-element\">\n                  <!---->\n                  <!---->\n                  <div class=\"\">\n                    <p>Kurz die Ziele\n                      <br>\n                    <\/p>\n                  <\/div>\n                <\/div>\n              <\/div>\n            <\/div>\n          <\/div>\n        <\/div>\n      <\/div>\n      <div data-colibri-id=\"125-c3\" class=\"h-row-container gutters-row-lg-2 gutters-row-md-2 gutters-row-2 gutters-row-v-lg-2 gutters-row-v-md-2 gutters-row-v-2 style-471 style-local-125-c3 position-relative\">\n        <!---->\n        <div class=\"h-row justify-content-lg-center justify-content-md-center justify-content-center align-items-lg-stretch align-items-md-stretch align-items-stretch gutters-col-lg-2 gutters-col-md-2 gutters-col-2 gutters-col-v-lg-2 gutters-col-v-md-2 gutters-col-v-2\">\n          <!---->\n          <div class=\"h-column h-column-container d-flex h-col-lg-3 h-col-md-6 h-col-12 style-472-outer style-local-125-c4-outer\">\n            <div data-colibri-id=\"125-c4\" class=\"d-flex h-flex-basis h-column__inner h-px-lg-3 h-px-md-3 h-px-2 v-inner-lg-3 v-inner-md-3 v-inner-2 style-472 style-local-125-c4 position-relative\">\n              <!---->\n              <!---->\n              <div class=\"w-100 h-y-container h-column__content h-column__v-align flex-basis-100 align-self-lg-center align-self-md-center align-self-center\">\n                <!---->\n                <div data-colibri-id=\"125-c5\" class=\"d-block style-488 style-local-125-c5 position-relative h-element\">\n                  <!---->\n                  <div class=\"h-image__frame-container-outer\">\n                    <div class=\"h-image__frame-container\">\n                      <!---->\n                      <!---->\n                      <img decoding=\"async\" loading=\"lazy\" width=\"2560\" height=\"1707\" src=\"http:\/\/fuhys011.public.ads.uni-freiburg.de\/wp-content\/uploads\/2023\/02\/pexels-dom-gould-325807-scaled.jpg\" class=\"wp-image-101 style-488-image style-local-125-c5-image\" srcset=\"https:\/\/www.netzwerk-hydrologie.de\/wp-content\/uploads\/2023\/02\/pexels-dom-gould-325807-scaled.jpg 2560w, https:\/\/www.netzwerk-hydrologie.de\/wp-content\/uploads\/2023\/02\/pexels-dom-gould-325807-300x200.jpg 300w, https:\/\/www.netzwerk-hydrologie.de\/wp-content\/uploads\/2023\/02\/pexels-dom-gould-325807-1024x683.jpg 1024w, https:\/\/www.netzwerk-hydrologie.de\/wp-content\/uploads\/2023\/02\/pexels-dom-gould-325807-768x512.jpg 768w, https:\/\/www.netzwerk-hydrologie.de\/wp-content\/uploads\/2023\/02\/pexels-dom-gould-325807-1536x1024.jpg 1536w, https:\/\/www.netzwerk-hydrologie.de\/wp-content\/uploads\/2023\/02\/pexels-dom-gould-325807-2048x1365.jpg 2048w\" sizes=\"(max-width: 2560px) 100vw, 2560px\" alt=\"\" \/>\n                      <div class=\"h-image__frame h-hide-lg h-hide-md h-hide-sm style-488-frameImage style-local-125-c5-frameImage\"><\/div>\n                    <\/div>\n                  <\/div>\n                <\/div>\n                <div data-colibri-id=\"125-c6\" class=\"h-global-transition-all h-heading style-474 style-local-125-c6 position-relative h-element\">\n                  <!---->\n                  <div class=\"h-heading__outer style-474 style-local-125-c6\">\n                    <!---->\n                    <!---->\n                    <h6 class=\"\">Hydrologie-\n                      <br>Stipendium<\/h6>\n                  <\/div>\n                <\/div>\n                <div data-colibri-id=\"125-c7\" class=\"h-text h-text-component style-475 style-local-125-c7 position-relative h-element\">\n                  <!---->\n                  <!---->\n                  <div class=\"\">\n                    <p>Jedes Jahr f\u00f6rdern wir 2 Freiburger Hydrologie Studierende (Bachelor und Master) mit 150\u20ac pro Monat\n                      <br>\n                    <\/p>\n                  <\/div>\n                <\/div>\n                <div data-colibri-id=\"125-c8\" class=\"h-x-container style-476 style-local-125-c8 position-relative h-element\">\n                  <!---->\n                  <div class=\"h-x-container-inner style-dynamic-125-c8-group style-476-spacing style-local-125-c8-spacing\"><span class=\"h-button__outer style-477-outer style-local-125-c9-outer d-inline-flex h-element\"><a h-use-smooth-scroll=\"true\" href=\"https:\/\/www.netzwerk-hydrologie.de\/index.php\/foerderungen\/hydrologie-stipendium\/\"  data-colibri-id=\"125-c9\" class=\"d-flex w-100 align-items-center h-button justify-content-lg-center justify-content-md-center justify-content-center style-477 style-local-125-c9 position-relative\"><!----><!----> <span>Mehr Infos<\/span><\/a>\n                    <\/span>\n                  <\/div>\n                <\/div>\n              <\/div>\n            <\/div>\n          <\/div>\n          <div class=\"h-column h-column-container d-flex h-col-lg-3 h-col-md-6 h-col-12 style-472-outer style-local-125-c10-outer\">\n            <div data-colibri-id=\"125-c10\" class=\"d-flex h-flex-basis h-column__inner h-px-lg-3 h-px-md-3 h-px-2 v-inner-lg-3 v-inner-md-3 v-inner-2 style-472 style-local-125-c10 position-relative\">\n              <!---->\n              <!---->\n              <div class=\"w-100 h-y-container h-column__content h-column__v-align flex-basis-100 align-self-lg-center align-self-md-center align-self-center\">\n                <!---->\n                <div data-colibri-id=\"125-c11\" class=\"d-block style-483 style-local-125-c11 position-relative h-element\">\n                  <!---->\n                  <div class=\"h-image__frame-container-outer\">\n                    <div class=\"h-image__frame-container\">\n                      <!---->\n                      <!---->\n                      <img decoding=\"async\" loading=\"lazy\" width=\"1024\" height=\"512\" src=\"http:\/\/fuhys011.public.ads.uni-freiburg.de\/wp-content\/uploads\/2023\/02\/BMBF_Logo_Deutschlandstipendium_Hochschule-1024x512-1436116969.jpg\" class=\"wp-image-128 style-483-image style-local-125-c11-image\" srcset=\"https:\/\/www.netzwerk-hydrologie.de\/wp-content\/uploads\/2023\/02\/BMBF_Logo_Deutschlandstipendium_Hochschule-1024x512-1436116969.jpg 1024w, https:\/\/www.netzwerk-hydrologie.de\/wp-content\/uploads\/2023\/02\/BMBF_Logo_Deutschlandstipendium_Hochschule-1024x512-1436116969-300x150.jpg 300w, https:\/\/www.netzwerk-hydrologie.de\/wp-content\/uploads\/2023\/02\/BMBF_Logo_Deutschlandstipendium_Hochschule-1024x512-1436116969-768x384.jpg 768w\" sizes=\"(max-width: 1024px) 100vw, 1024px\" alt=\"\" \/>\n                      <div class=\"h-image__frame h-hide-lg h-hide-md h-hide-sm style-483-frameImage style-local-125-c11-frameImage\"><\/div>\n                    <\/div>\n                  <\/div>\n                <\/div>\n                <div data-colibri-id=\"125-c12\" class=\"style-489 style-local-125-c12 position-relative h-element\">\n                  <!---->\n                <\/div>\n                <div data-colibri-id=\"125-c13\" class=\"h-global-transition-all h-heading style-474 style-local-125-c13 position-relative h-element\">\n                  <!---->\n                  <div class=\"h-heading__outer style-474 style-local-125-c13\">\n                    <!---->\n                    <!---->\n                    <h6 class=\"\">Deutschland-stipendium<\/h6>\n                  <\/div>\n                <\/div>\n                <div data-colibri-id=\"125-c14\" class=\"h-text h-text-component style-475 style-local-125-c14 position-relative h-element\">\n                  <!---->\n                  <!---->\n                  <div class=\"\">\n                    <p>Seit 2020 f\u00f6rdern wir j\u00e4hrlich ein Deutschlandstipendium f\u00fcr Studierende des Hydrologie-Masters\n                      <br>\n                    <\/p>\n                  <\/div>\n                <\/div>\n                <div data-colibri-id=\"125-c15\" class=\"h-x-container style-476 style-local-125-c15 position-relative h-element\">\n                  <!---->\n                  <div class=\"h-x-container-inner style-dynamic-125-c15-group style-476-spacing style-local-125-c15-spacing\"><span class=\"h-button__outer style-477-outer style-local-125-c16-outer d-inline-flex h-element\"><a h-use-smooth-scroll=\"true\" href=\"https:\/\/neu.netzwerk-hydrologie.de\/index.php\/colibri-125\/deutschlandstipendium\/\"  data-colibri-id=\"125-c16\" class=\"d-flex w-100 align-items-center h-button justify-content-lg-center justify-content-md-center justify-content-center style-477 style-local-125-c16 position-relative\"><!----><!----> <span>Mehr Infos<\/span><\/a>\n                    <\/span>\n                  <\/div>\n                <\/div>\n              <\/div>\n            <\/div>\n          <\/div>\n          <div class=\"h-column h-column-container d-flex h-col-lg-3 h-col-md-6 h-col-12 style-472-outer style-local-125-c17-outer\">\n            <div data-colibri-id=\"125-c17\" class=\"d-flex h-flex-basis h-column__inner h-px-lg-3 h-px-md-3 h-px-2 v-inner-lg-3 v-inner-md-3 v-inner-2 style-472 style-local-125-c17 position-relative\">\n              <!---->\n              <!---->\n              <div class=\"w-100 h-y-container h-column__content h-column__v-align flex-basis-100 align-self-lg-center align-self-md-center align-self-center\">\n                <!---->\n                <div data-colibri-id=\"125-c18\" class=\"d-block style-484 style-local-125-c18 position-relative h-element\">\n                  <!---->\n                  <div class=\"h-image__frame-container-outer\">\n                    <div class=\"h-image__frame-container\">\n                      <!---->\n                      <!---->\n                      <img decoding=\"async\" loading=\"lazy\" width=\"2560\" height=\"1709\" src=\"http:\/\/fuhys011.public.ads.uni-freiburg.de\/wp-content\/uploads\/2023\/02\/pexels-pavel-danilyuk-7942524-scaled.jpg\" class=\"wp-image-129 style-484-image style-local-125-c18-image\" srcset=\"https:\/\/www.netzwerk-hydrologie.de\/wp-content\/uploads\/2023\/02\/pexels-pavel-danilyuk-7942524-scaled.jpg 2560w, https:\/\/www.netzwerk-hydrologie.de\/wp-content\/uploads\/2023\/02\/pexels-pavel-danilyuk-7942524-300x200.jpg 300w, https:\/\/www.netzwerk-hydrologie.de\/wp-content\/uploads\/2023\/02\/pexels-pavel-danilyuk-7942524-1024x684.jpg 1024w, https:\/\/www.netzwerk-hydrologie.de\/wp-content\/uploads\/2023\/02\/pexels-pavel-danilyuk-7942524-768x513.jpg 768w, https:\/\/www.netzwerk-hydrologie.de\/wp-content\/uploads\/2023\/02\/pexels-pavel-danilyuk-7942524-1536x1025.jpg 1536w, https:\/\/www.netzwerk-hydrologie.de\/wp-content\/uploads\/2023\/02\/pexels-pavel-danilyuk-7942524-2048x1367.jpg 2048w\" sizes=\"(max-width: 2560px) 100vw, 2560px\" alt=\"\" \/>\n                      <div class=\"h-image__frame h-hide-lg h-hide-md h-hide-sm style-484-frameImage style-local-125-c18-frameImage\"><\/div>\n                    <\/div>\n                  <\/div>\n                <\/div>\n                <div data-colibri-id=\"125-c19\" class=\"h-global-transition-all h-heading style-474 style-local-125-c19 position-relative h-element\">\n                  <!---->\n                  <div class=\"h-heading__outer style-474 style-local-125-c19\">\n                    <!---->\n                    <!---->\n                    <h6 class=\"\">Christian-Leibundgut-Preis<\/h6>\n                  <\/div>\n                <\/div>\n                <div data-colibri-id=\"125-c20\" class=\"h-text h-text-component style-475 style-local-125-c20 position-relative h-element\">\n                  <!---->\n                  <!---->\n                  <div class=\"\">\n                    <p>Mit dem 500\u20ac dotierten Preis zeichnen wir j\u00e4hrlich die beste Abschlussarbeit an der Professur f\u00fcr Hydrologie aus\n                      <br>\n                    <\/p>\n                  <\/div>\n                <\/div>\n                <div data-colibri-id=\"125-c21\" class=\"h-x-container style-476 style-local-125-c21 position-relative h-element\">\n                  <!---->\n                  <div class=\"h-x-container-inner style-dynamic-125-c21-group style-476-spacing style-local-125-c21-spacing\"><span class=\"h-button__outer style-477-outer style-local-125-c22-outer d-inline-flex h-element\"><a h-use-smooth-scroll=\"true\" href=\"https:\/\/neu.netzwerk-hydrologie.de\/index.php\/colibri-125\/christian-leibundgut-preis\/\"  data-colibri-id=\"125-c22\" class=\"d-flex w-100 align-items-center h-button justify-content-lg-center justify-content-md-center justify-content-center style-477 style-local-125-c22 position-relative\"><!----><!----> <span>Mehr Infos<\/span><\/a>\n                    <\/span>\n                  <\/div>\n                <\/div>\n              <\/div>\n            <\/div>\n          <\/div>\n          <div class=\"h-column h-column-container d-flex h-col-lg-3 h-col-md-6 h-col-12 style-472-outer style-local-125-c23-outer\">\n            <div data-colibri-id=\"125-c23\" class=\"d-flex h-flex-basis h-column__inner h-px-lg-3 h-px-md-3 h-px-2 v-inner-lg-3 v-inner-md-3 v-inner-2 style-472 style-local-125-c23 position-relative\">\n              <!---->\n              <!---->\n              <div class=\"w-100 h-y-container h-column__content h-column__v-align flex-basis-100 align-self-lg-center align-self-md-center align-self-center\">\n                <!---->\n                <div data-colibri-id=\"125-c24\" class=\"d-block style-485 style-local-125-c24 position-relative h-element\">\n                  <!---->\n                  <div class=\"h-image__frame-container-outer\">\n                    <div class=\"h-image__frame-container\">\n                      <!---->\n                      <!---->\n                      <img decoding=\"async\" loading=\"lazy\" width=\"2560\" height=\"1707\" src=\"http:\/\/fuhys011.public.ads.uni-freiburg.de\/wp-content\/uploads\/2023\/02\/pexels-donald-tong-91505-scaled.jpg\" class=\"wp-image-59 style-485-image style-local-125-c24-image\" srcset=\"https:\/\/www.netzwerk-hydrologie.de\/wp-content\/uploads\/2023\/02\/pexels-donald-tong-91505-scaled.jpg 2560w, https:\/\/www.netzwerk-hydrologie.de\/wp-content\/uploads\/2023\/02\/pexels-donald-tong-91505-300x200.jpg 300w, https:\/\/www.netzwerk-hydrologie.de\/wp-content\/uploads\/2023\/02\/pexels-donald-tong-91505-1024x683.jpg 1024w, https:\/\/www.netzwerk-hydrologie.de\/wp-content\/uploads\/2023\/02\/pexels-donald-tong-91505-768x512.jpg 768w, https:\/\/www.netzwerk-hydrologie.de\/wp-content\/uploads\/2023\/02\/pexels-donald-tong-91505-1536x1024.jpg 1536w, https:\/\/www.netzwerk-hydrologie.de\/wp-content\/uploads\/2023\/02\/pexels-donald-tong-91505-2048x1365.jpg 2048w\" sizes=\"(max-width: 2560px) 100vw, 2560px\" alt=\"\" \/>\n                      <div class=\"h-image__frame h-hide-lg h-hide-md h-hide-sm style-485-frameImage style-local-125-c24-frameImage\"><\/div>\n                    <\/div>\n                  <\/div>\n                <\/div>\n                <div data-colibri-id=\"125-c25\" class=\"h-global-transition-all h-heading style-474 style-local-125-c25 position-relative h-element\">\n                  <!---->\n                  <div class=\"h-heading__outer style-474 style-local-125-c25\">\n                    <!---->\n                    <!---->\n                    <h6 class=\"\">Projekt-\n                      <br>f\u00f6rderung<\/h6>\n                  <\/div>\n                <\/div>\n                <div data-colibri-id=\"125-c26\" class=\"h-text h-text-component style-475 style-local-125-c26 position-relative h-element\">\n                  <!---->\n                  <!---->\n                  <div class=\"\">\n                    <p>Wir unterst\u00fctzen auch einzelne Projekte, wie Auslandsaufenthalte oder die Teilnahme an Tagungen\n                      <br>\n                    <\/p>\n                  <\/div>\n                <\/div>\n                <div data-colibri-id=\"125-c27\" class=\"h-x-container style-476 style-local-125-c27 position-relative h-element\">\n                  <!---->\n                  <div class=\"h-x-container-inner style-dynamic-125-c27-group style-476-spacing style-local-125-c27-spacing\"><span class=\"h-button__outer style-477-outer style-local-125-c28-outer d-inline-flex h-element\"><a h-use-smooth-scroll=\"true\" href=\"https:\/\/neu.netzwerk-hydrologie.de\/index.php\/colibri-125\/projekt-forderung\/\"  data-colibri-id=\"125-c28\" class=\"d-flex w-100 align-items-center h-button justify-content-lg-center justify-content-md-center justify-content-center style-477 style-local-125-c28 position-relative\"><!----><!----> <span>Mehr Infos<\/span><\/a>\n                    <\/span>\n                  <\/div>\n                <\/div>\n              <\/div>\n            <\/div>\n          <\/div>\n        <\/div>\n      <\/div>\n    <\/div>\n  <\/div>\n<\/div>","protected":false},"excerpt":{"rendered":"<p>Was &amp; Wen wir f\u00f6rdern: Kurz die Ziele Hydrologie- Stipendium Jedes Jahr f\u00f6rdern wir 2 Freiburger Hydrologie Studierende (Bachelor und Master) mit 150\u20ac pro Monat Mehr Infos Deutschland-stipendium Seit 2020 f\u00f6rdern wir j\u00e4hrlich ein Deutschlandstipendium f\u00fcr Studierende des Hydrologie-Masters Mehr Infos Christian-Leibundgut-Preis Mit dem 500\u20ac dotierten Preis zeichnen wir j\u00e4hrlich die beste Abschlussarbeit an der [&hellip;]<\/p>\n","protected":false},"author":1,"featured_media":0,"parent":0,"menu_order":0,"comment_status":"closed","ping_status":"closed","template":"page-templates\/full-width-page.php","meta":[],"_links":{"self":[{"href":"https:\/\/www.netzwerk-hydrologie.de\/index.php\/wp-json\/wp\/v2\/pages\/125"}],"collection":[{"href":"https:\/\/www.netzwerk-hydrologie.de\/index.php\/wp-json\/wp\/v2\/pages"}],"about":[{"href":"https:\/\/www.netzwerk-hydrologie.de\/index.php\/wp-json\/wp\/v2\/types\/page"}],"author":[{"embeddable":true,"href":"https:\/\/www.netzwerk-hydrologie.de\/index.php\/wp-json\/wp\/v2\/users\/1"}],"replies":[{"embeddable":true,"href":"https:\/\/www.netzwerk-hydrologie.de\/index.php\/wp-json\/wp\/v2\/comments?post=125"}],"version-history":[{"count":8,"href":"https:\/\/www.netzwerk-hydrologie.de\/index.php\/wp-json\/wp\/v2\/pages\/125\/revisions"}],"predecessor-version":[{"id":1078,"href":"https:\/\/www.netzwerk-hydrologie.de\/index.php\/wp-json\/wp\/v2\/pages\/125\/revisions\/1078"}],"wp:attachment":[{"href":"https:\/\/www.netzwerk-hydrologie.de\/index.php\/wp-json\/wp\/v2\/media?parent=125"}],"curies":[{"name":"wp","href":"https:\/\/api.w.org\/{rel}","templated":true}]}}