{"id":180,"date":"2023-02-28T07:47:48","date_gmt":"2023-02-28T07:47:48","guid":{"rendered":"http:\/\/fuhys011.public.ads.uni-freiburg.de\/?page_id=180"},"modified":"2023-02-28T14:27:53","modified_gmt":"2023-02-28T14:27:53","slug":"archiv","status":"publish","type":"page","link":"https:\/\/www.netzwerk-hydrologie.de\/index.php\/archiv\/","title":{"rendered":"Archiv"},"content":{"rendered":"<div data-colibri-id=\"180-c1\" class=\"style-530 style-local-180-c1 position-relative\">\n  <!---->\n  <div data-colibri-component=\"section\" data-colibri-id=\"180-c2\" id=\"blog\" class=\"h-section h-section-global-spacing d-flex align-items-lg-center align-items-md-center align-items-center style-704 style-local-180-c2 position-relative\">\n    <!---->\n    <!---->\n    <div class=\"h-section-grid-container h-section-boxed-container\">\n      <div data-colibri-id=\"180-c13\" class=\"h-row-container gutters-row-lg-2 gutters-row-md-2 gutters-row-2 gutters-row-v-lg-2 gutters-row-v-md-2 gutters-row-v-2 style-718 style-local-180-c13 position-relative\">\n        <!---->\n        <div class=\"h-row justify-content-lg-center justify-content-md-center justify-content-center align-items-lg-stretch align-items-md-stretch align-items-stretch gutters-col-lg-2 gutters-col-md-2 gutters-col-2 gutters-col-v-lg-2 gutters-col-v-md-2 gutters-col-v-2\">\n          <!---->\n          <div class=\"h-column h-column-container d-flex h-col-lg-auto h-col-md-auto h-col-auto style-719-outer style-local-180-c14-outer\">\n            <div data-colibri-id=\"180-c14\" class=\"d-flex h-flex-basis h-column__inner h-px-lg-2 h-px-md-2 h-px-2 v-inner-lg-2 v-inner-md-2 v-inner-2 style-719 style-local-180-c14 position-relative\">\n              <!---->\n              <!---->\n              <div class=\"w-100 h-y-container h-column__content h-column__v-align flex-basis-100 align-self-lg-start align-self-md-start align-self-start\">\n                <!---->\n                <div data-colibri-id=\"180-c15\" class=\"h-global-transition-all h-heading style-720 style-local-180-c15 position-relative h-element\">\n                  <!---->\n                  <div class=\"h-heading__outer style-720 style-local-180-c15\">\n                    <!---->\n                    <!---->\n                    <h2 class=\"\">Freiburger Schriften zur Hydrologie<\/h2>\n                  <\/div>\n                <\/div>\n                <div data-colibri-id=\"180-c16\" class=\"h-lead h-text h-text-component style-721 style-local-180-c16 position-relative h-element\">\n                  <!---->\n                  <!---->\n                  <div class=\"\">\n                    <p>Dank finanzieller und redaktioneller Beitr\u00e4ge des F\u00f6rdervereins wurde eine eigene Schriftenreihe f\u00fcr Hydrologie ins Leben gerufen. Von 1993-2009 wurden ausgew\u00e4hlte Forschungsarbeiten und die Ertr\u00e4ge hydrologischer Fachtagungen der\n                      Professur f\u00fcr Hydrologie ver\u00f6ffentlicht.<\/p>\n                  <\/div>\n                <\/div>\n              <\/div>\n            <\/div>\n          <\/div>\n        <\/div>\n      <\/div>\n      <div data-colibri-id=\"180-c3\" class=\"h-row-container gutters-row-lg-0 gutters-row-md-0 gutters-row-0 gutters-row-v-lg-0 gutters-row-v-md-0 gutters-row-v-0 style-705 style-local-180-c3 position-relative\">\n        <!---->\n        <div class=\"h-row justify-content-lg-center justify-content-md-center justify-content-center align-items-lg-stretch align-items-md-stretch align-items-stretch gutters-col-lg-0 gutters-col-md-0 gutters-col-0 gutters-col-v-lg-0 gutters-col-v-md-0 gutters-col-v-0\">\n          <!---->\n          <div class=\"h-column h-column-container d-flex h-col-lg-auto h-col-md-auto h-col-auto style-706-outer style-local-180-c4-outer\">\n            <div data-colibri-id=\"180-c4\" class=\"d-flex h-flex-basis h-column__inner h-px-lg-0 h-px-md-0 h-px-0 v-inner-lg-0 v-inner-md-0 v-inner-0 style-706 style-local-180-c4 position-relative\">\n              <!---->\n              <!---->\n              <div class=\"w-100 h-y-container h-column__content h-column__v-align flex-basis-100 align-self-lg-start align-self-md-start align-self-start\">\n                <!---->\n                <div data-colibri-id=\"180-c5\" class=\"h-row-container gutters-row-lg-1 gutters-row-md-1 gutters-row-2 gutters-row-v-lg-1 gutters-row-v-md-1 gutters-row-v-1 colibri-dynamic-list style-707 style-local-180-c5 position-relative\">\n                  <!---->\n                  <div data-colibri-component=\"\" class=\"h-row justify-content-lg-start justify-content-md-start justify-content-start align-items-lg-stretch align-items-md-stretch align-items-stretch gutters-col-lg-1 gutters-col-md-1 gutters-col-2 gutters-col-v-lg-1 gutters-col-v-md-1 gutters-col-v-1 style-707-row style-local-180-c5-row\">\n                    <!---->\n        <div    class=\"h-column h-column-container d-flex h-col-lg-3 h-col-md-6 h-col-12 post-401 post type-post status-publish format-standard has-post-thumbnail hentry category-schriftenreihe masonry-item style-708-outer style-local-180-c6-outer\"  ><div   data-colibri-id=\"180-c6\" class=\"d-flex h-flex-basis h-column__inner h-px-lg-0 h-px-md-0 h-px-0 v-inner-lg-0 v-inner-md-0 v-inner-0 style-708 style-local-180-c6 position-relative\"><!&#8212;-><!&#8212;-> <div  class=\"w-100 h-y-container h-column__content h-column__v-align flex-basis-100 align-self-lg-start align-self-md-start align-self-start\"><!&#8212;-> <div   data-href=\"https:\/\/www.netzwerk-hydrologie.de\/index.php\/2023\/02\/28\/band-volume-28-adolph-g-2009-kombination-von-isotopenmethoden-und-grundwassermodellen-in-der-altlastenbearbeitung\/\" data-colibri-component=\"link\"  data-colibri-id=\"180-c7\" class=\"colibri-post-thumbnail colibri-post-has-thumbnail colibri-post-thumbnail-has-placeholder style-709 style-local-180-c7 h-overflow-hidden position-relative h-element\"  ><!&#8212;-><div   class=\"h-global-transition-all colibri-post-thumbnail-shortcode style-dynamic-180-c7-height\">            <a href=\"https:\/\/www.netzwerk-hydrologie.de\/index.php\/2023\/02\/28\/band-volume-28-adolph-g-2009-kombination-von-isotopenmethoden-und-grundwassermodellen-in-der-altlastenbearbeitung\/\" title=\"Band\/volume 28: ADOLPH G. (2009): Kombination von Isotopenmethoden und Grundwassermodellen in der Altlastenbearbeitung\">\n\t\t\t\t<img width=\"161\" height=\"220\" src=\"https:\/\/www.netzwerk-hydrologie.de\/wp-content\/uploads\/2023\/02\/band28.gif\" class=\"attachment-post-thumbnail size-post-thumbnail wp-post-image\" alt=\"\" decoding=\"async\" loading=\"lazy\" \/>            <\/a>\n\t\t\t<\/div> <div  class=\"colibri-post-thumbnail-content align-items-lg-center align-items-md-center align-items-center flex-basis-100\"><div  class=\"w-100 h-y-container\"><!&#8212;-> <\/div><\/div><\/div><div   data-colibri-id=\"180-c8\" class=\"h-row-container gutters-row-lg-0 gutters-row-md-0 gutters-row-2 gutters-row-v-lg-0 gutters-row-v-md-0 gutters-row-v-0 style-710 style-local-180-c8 position-relative\"  ><!&#8212;-><div class=\"h-row justify-content-lg-center justify-content-md-center justify-content-center align-items-lg-stretch align-items-md-stretch align-items-stretch gutters-col-lg-0 gutters-col-md-0 gutters-col-2 gutters-col-v-lg-0 gutters-col-v-md-0 gutters-col-v-0\"><!&#8212;-> <div   class=\"h-column h-column-container d-flex h-col-lg h-col-md h-col-auto style-711-outer style-local-180-c9-outer\"  ><div  data-colibri-id=\"180-c9\" class=\"d-flex h-flex-basis h-column__inner h-px-lg-0 h-px-md-0 h-px-0 v-inner-lg-2 v-inner-md-2 v-inner-2 style-711 style-local-180-c9 position-relative\"><!&#8212;-><!&#8212;-> <div class=\"w-100 h-y-container h-column__content h-column__v-align flex-basis-100 align-self-lg-start align-self-md-start align-self-start\"><!&#8212;-> <div   data-colibri-id=\"180-c10\" class=\"h-blog-categories style-712 style-local-180-c10 position-relative h-element\"  ><!&#8212;-><div  class=\"h-global-transition-all\"><a class=\"d-inline-block colibri-post-category\" href=\"https:\/\/www.netzwerk-hydrologie.de\/index.php\/category\/schriftenreihe\/\">Schriftenreihe<\/a><\/div><\/div><div   data-colibri-id=\"180-c11\" class=\"h-blog-title style-713 style-local-180-c11 position-relative h-element\"  ><!&#8212;-><div  class=\"h-global-transition-all\"><a href=\"https:\/\/www.netzwerk-hydrologie.de\/index.php\/2023\/02\/28\/band-volume-28-adolph-g-2009-kombination-von-isotopenmethoden-und-grundwassermodellen-in-der-altlastenbearbeitung\/\"><h4 class=\"colibri-word-wrap\">Band\/volume 28: ADOLPH G. (2009): Kombination von Isotopenmethoden und Grundwassermodellen in der Altlastenbearbeitung<\/h4><\/a><\/div><\/div><div   data-colibri-id=\"180-c12\" class=\"style-715 style-local-180-c12 position-relative h-element\"  ><!&#8212;-><div  class=\"h-global-transition-all\"><div class=\"colibri-post-excerpt\">Die vorliegende Arbeit ist als Forschungsschwerpunkt im Projekt ERGO entstanden. Das Projekt ERGO \u201eEntwicklung eines Bewertungskonzeptes und orientierende Risikoabsch\u00e4tzung zur [&hellip;]<\/div><\/div><\/div><\/div><\/div><\/div><\/div><\/div><\/div><\/div><\/div>\n      \n      \n        <div    class=\"h-column h-column-container d-flex h-col-lg-3 h-col-md-6 h-col-12 post-411 post type-post status-publish format-standard has-post-thumbnail hentry category-schriftenreihe masonry-item style-708-outer style-local-180-c6-outer\"  ><div   data-colibri-id=\"180-c6\" class=\"d-flex h-flex-basis h-column__inner h-px-lg-0 h-px-md-0 h-px-0 v-inner-lg-0 v-inner-md-0 v-inner-0 style-708 style-local-180-c6 position-relative\"><!&#8212;-><!&#8212;-> <div  class=\"w-100 h-y-container h-column__content h-column__v-align flex-basis-100 align-self-lg-start align-self-md-start align-self-start\"><!&#8212;-> <div   data-href=\"https:\/\/www.netzwerk-hydrologie.de\/index.php\/2023\/02\/28\/band-volume-27-schwientek-m-2008-biogeochemical-characterization-of-the-groundwater-system-at-the-test-field-scheyern-using-environmental-isotope\/\" data-colibri-component=\"link\"  data-colibri-id=\"180-c7\" class=\"colibri-post-thumbnail colibri-post-has-thumbnail colibri-post-thumbnail-has-placeholder style-709 style-local-180-c7 h-overflow-hidden position-relative h-element\"  ><!&#8212;-><div   class=\"h-global-transition-all colibri-post-thumbnail-shortcode style-dynamic-180-c7-height\">            <a href=\"https:\/\/www.netzwerk-hydrologie.de\/index.php\/2023\/02\/28\/band-volume-27-schwientek-m-2008-biogeochemical-characterization-of-the-groundwater-system-at-the-test-field-scheyern-using-environmental-isotope\/\" title=\"Band\/volume 27: SCHWIENTEK M. (2008): Biogeochemical characterization of the groundwater system at the Test Field Scheyern using environmental isotope\">\n\t\t\t\t<img width=\"161\" height=\"220\" src=\"https:\/\/www.netzwerk-hydrologie.de\/wp-content\/uploads\/2023\/02\/band27.gif\" class=\"attachment-post-thumbnail size-post-thumbnail wp-post-image\" alt=\"\" decoding=\"async\" loading=\"lazy\" \/>            <\/a>\n\t\t\t<\/div> <div  class=\"colibri-post-thumbnail-content align-items-lg-center align-items-md-center align-items-center flex-basis-100\"><div  class=\"w-100 h-y-container\"><!&#8212;-> <\/div><\/div><\/div><div   data-colibri-id=\"180-c8\" class=\"h-row-container gutters-row-lg-0 gutters-row-md-0 gutters-row-2 gutters-row-v-lg-0 gutters-row-v-md-0 gutters-row-v-0 style-710 style-local-180-c8 position-relative\"  ><!&#8212;-><div class=\"h-row justify-content-lg-center justify-content-md-center justify-content-center align-items-lg-stretch align-items-md-stretch align-items-stretch gutters-col-lg-0 gutters-col-md-0 gutters-col-2 gutters-col-v-lg-0 gutters-col-v-md-0 gutters-col-v-0\"><!&#8212;-> <div   class=\"h-column h-column-container d-flex h-col-lg h-col-md h-col-auto style-711-outer style-local-180-c9-outer\"  ><div  data-colibri-id=\"180-c9\" class=\"d-flex h-flex-basis h-column__inner h-px-lg-0 h-px-md-0 h-px-0 v-inner-lg-2 v-inner-md-2 v-inner-2 style-711 style-local-180-c9 position-relative\"><!&#8212;-><!&#8212;-> <div class=\"w-100 h-y-container h-column__content h-column__v-align flex-basis-100 align-self-lg-start align-self-md-start align-self-start\"><!&#8212;-> <div   data-colibri-id=\"180-c10\" class=\"h-blog-categories style-712 style-local-180-c10 position-relative h-element\"  ><!&#8212;-><div  class=\"h-global-transition-all\"><a class=\"d-inline-block colibri-post-category\" href=\"https:\/\/www.netzwerk-hydrologie.de\/index.php\/category\/schriftenreihe\/\">Schriftenreihe<\/a><\/div><\/div><div   data-colibri-id=\"180-c11\" class=\"h-blog-title style-713 style-local-180-c11 position-relative h-element\"  ><!&#8212;-><div  class=\"h-global-transition-all\"><a href=\"https:\/\/www.netzwerk-hydrologie.de\/index.php\/2023\/02\/28\/band-volume-27-schwientek-m-2008-biogeochemical-characterization-of-the-groundwater-system-at-the-test-field-scheyern-using-environmental-isotope\/\"><h4 class=\"colibri-word-wrap\">Band\/volume 27: SCHWIENTEK M. (2008): Biogeochemical characterization of the groundwater system at the Test Field Scheyern using environmental isotope<\/h4><\/a><\/div><\/div><div   data-colibri-id=\"180-c12\" class=\"style-715 style-local-180-c12 position-relative h-element\"  ><!&#8212;-><div  class=\"h-global-transition-all\"><div class=\"colibri-post-excerpt\">For a sustainable management of groundwater as important resource of fresh water it is essential to understand processes attenuating contaminants [&hellip;]<\/div><\/div><\/div><\/div><\/div><\/div><\/div><\/div><\/div><\/div><\/div>\n      \n      \n        <div    class=\"h-column h-column-container d-flex h-col-lg-3 h-col-md-6 h-col-12 post-414 post type-post status-publish format-standard has-post-thumbnail hentry category-schriftenreihe masonry-item style-708-outer style-local-180-c6-outer\"  ><div   data-colibri-id=\"180-c6\" class=\"d-flex h-flex-basis h-column__inner h-px-lg-0 h-px-md-0 h-px-0 v-inner-lg-0 v-inner-md-0 v-inner-0 style-708 style-local-180-c6 position-relative\"><!&#8212;-><!&#8212;-> <div  class=\"w-100 h-y-container h-column__content h-column__v-align flex-basis-100 align-self-lg-start align-self-md-start align-self-start\"><!&#8212;-> <div   data-href=\"https:\/\/www.netzwerk-hydrologie.de\/index.php\/2023\/02\/28\/band-volume-26-stumpp-c-2008-quantification-of-heterogeneity-in-the-unsaturated-flow-using-environmental-isotope\/\" data-colibri-component=\"link\"  data-colibri-id=\"180-c7\" class=\"colibri-post-thumbnail colibri-post-has-thumbnail colibri-post-thumbnail-has-placeholder style-709 style-local-180-c7 h-overflow-hidden position-relative h-element\"  ><!&#8212;-><div   class=\"h-global-transition-all colibri-post-thumbnail-shortcode style-dynamic-180-c7-height\">            <a href=\"https:\/\/www.netzwerk-hydrologie.de\/index.php\/2023\/02\/28\/band-volume-26-stumpp-c-2008-quantification-of-heterogeneity-in-the-unsaturated-flow-using-environmental-isotope\/\" title=\"Band\/volume 26: STUMPP C. (2008): Quantification of heterogeneity in the unsaturated flow using environmental isotope\">\n\t\t\t\t<img width=\"161\" height=\"220\" src=\"https:\/\/www.netzwerk-hydrologie.de\/wp-content\/uploads\/2023\/02\/band26.gif\" class=\"attachment-post-thumbnail size-post-thumbnail wp-post-image\" alt=\"\" decoding=\"async\" loading=\"lazy\" \/>            <\/a>\n\t\t\t<\/div> <div  class=\"colibri-post-thumbnail-content align-items-lg-center align-items-md-center align-items-center flex-basis-100\"><div  class=\"w-100 h-y-container\"><!&#8212;-> <\/div><\/div><\/div><div   data-colibri-id=\"180-c8\" class=\"h-row-container gutters-row-lg-0 gutters-row-md-0 gutters-row-2 gutters-row-v-lg-0 gutters-row-v-md-0 gutters-row-v-0 style-710 style-local-180-c8 position-relative\"  ><!&#8212;-><div class=\"h-row justify-content-lg-center justify-content-md-center justify-content-center align-items-lg-stretch align-items-md-stretch align-items-stretch gutters-col-lg-0 gutters-col-md-0 gutters-col-2 gutters-col-v-lg-0 gutters-col-v-md-0 gutters-col-v-0\"><!&#8212;-> <div   class=\"h-column h-column-container d-flex h-col-lg h-col-md h-col-auto style-711-outer style-local-180-c9-outer\"  ><div  data-colibri-id=\"180-c9\" class=\"d-flex h-flex-basis h-column__inner h-px-lg-0 h-px-md-0 h-px-0 v-inner-lg-2 v-inner-md-2 v-inner-2 style-711 style-local-180-c9 position-relative\"><!&#8212;-><!&#8212;-> <div class=\"w-100 h-y-container h-column__content h-column__v-align flex-basis-100 align-self-lg-start align-self-md-start align-self-start\"><!&#8212;-> <div   data-colibri-id=\"180-c10\" class=\"h-blog-categories style-712 style-local-180-c10 position-relative h-element\"  ><!&#8212;-><div  class=\"h-global-transition-all\"><a class=\"d-inline-block colibri-post-category\" href=\"https:\/\/www.netzwerk-hydrologie.de\/index.php\/category\/schriftenreihe\/\">Schriftenreihe<\/a><\/div><\/div><div   data-colibri-id=\"180-c11\" class=\"h-blog-title style-713 style-local-180-c11 position-relative h-element\"  ><!&#8212;-><div  class=\"h-global-transition-all\"><a href=\"https:\/\/www.netzwerk-hydrologie.de\/index.php\/2023\/02\/28\/band-volume-26-stumpp-c-2008-quantification-of-heterogeneity-in-the-unsaturated-flow-using-environmental-isotope\/\"><h4 class=\"colibri-word-wrap\">Band\/volume 26: STUMPP C. (2008): Quantification of heterogeneity in the unsaturated flow using environmental isotope<\/h4><\/a><\/div><\/div><div   data-colibri-id=\"180-c12\" class=\"style-715 style-local-180-c12 position-relative h-element\"  ><!&#8212;-><div  class=\"h-global-transition-all\"><div class=\"colibri-post-excerpt\">Knowledge about soil water transport and groundwater renewal rates is crucial for groundwater research and risk assessment. Particularly the impact [&hellip;]<\/div><\/div><\/div><\/div><\/div><\/div><\/div><\/div><\/div><\/div><\/div>\n      \n      \n        <div    class=\"h-column h-column-container d-flex h-col-lg-3 h-col-md-6 h-col-12 post-417 post type-post status-publish format-standard has-post-thumbnail hentry category-schriftenreihe masonry-item style-708-outer style-local-180-c6-outer\"  ><div   data-colibri-id=\"180-c6\" class=\"d-flex h-flex-basis h-column__inner h-px-lg-0 h-px-md-0 h-px-0 v-inner-lg-0 v-inner-md-0 v-inner-0 style-708 style-local-180-c6 position-relative\"><!&#8212;-><!&#8212;-> <div  class=\"w-100 h-y-container h-column__content h-column__v-align flex-basis-100 align-self-lg-start align-self-md-start align-self-start\"><!&#8212;-> <div   data-href=\"https:\/\/www.netzwerk-hydrologie.de\/index.php\/2023\/02\/28\/band-volume-25-wenninger-j-2007-prozesshydrologische-untersuchung-im-system-boden-vegetation-atmosphare\/\" data-colibri-component=\"link\"  data-colibri-id=\"180-c7\" class=\"colibri-post-thumbnail colibri-post-has-thumbnail colibri-post-thumbnail-has-placeholder style-709 style-local-180-c7 h-overflow-hidden position-relative h-element\"  ><!&#8212;-><div   class=\"h-global-transition-all colibri-post-thumbnail-shortcode style-dynamic-180-c7-height\">            <a href=\"https:\/\/www.netzwerk-hydrologie.de\/index.php\/2023\/02\/28\/band-volume-25-wenninger-j-2007-prozesshydrologische-untersuchung-im-system-boden-vegetation-atmosphare\/\" title=\"Band\/volume 25: WENNINGER J. (2007): Prozesshydrologische Untersuchung im System Boden-Vegetation-Atmosph\u00e4re\">\n\t\t\t\t<img width=\"161\" height=\"220\" src=\"https:\/\/www.netzwerk-hydrologie.de\/wp-content\/uploads\/2023\/02\/band25.gif\" class=\"attachment-post-thumbnail size-post-thumbnail wp-post-image\" alt=\"\" decoding=\"async\" loading=\"lazy\" \/>            <\/a>\n\t\t\t<\/div> <div  class=\"colibri-post-thumbnail-content align-items-lg-center align-items-md-center align-items-center flex-basis-100\"><div  class=\"w-100 h-y-container\"><!&#8212;-> <\/div><\/div><\/div><div   data-colibri-id=\"180-c8\" class=\"h-row-container gutters-row-lg-0 gutters-row-md-0 gutters-row-2 gutters-row-v-lg-0 gutters-row-v-md-0 gutters-row-v-0 style-710 style-local-180-c8 position-relative\"  ><!&#8212;-><div class=\"h-row justify-content-lg-center justify-content-md-center justify-content-center align-items-lg-stretch align-items-md-stretch align-items-stretch gutters-col-lg-0 gutters-col-md-0 gutters-col-2 gutters-col-v-lg-0 gutters-col-v-md-0 gutters-col-v-0\"><!&#8212;-> <div   class=\"h-column h-column-container d-flex h-col-lg h-col-md h-col-auto style-711-outer style-local-180-c9-outer\"  ><div  data-colibri-id=\"180-c9\" class=\"d-flex h-flex-basis h-column__inner h-px-lg-0 h-px-md-0 h-px-0 v-inner-lg-2 v-inner-md-2 v-inner-2 style-711 style-local-180-c9 position-relative\"><!&#8212;-><!&#8212;-> <div class=\"w-100 h-y-container h-column__content h-column__v-align flex-basis-100 align-self-lg-start align-self-md-start align-self-start\"><!&#8212;-> <div   data-colibri-id=\"180-c10\" class=\"h-blog-categories style-712 style-local-180-c10 position-relative h-element\"  ><!&#8212;-><div  class=\"h-global-transition-all\"><a class=\"d-inline-block colibri-post-category\" href=\"https:\/\/www.netzwerk-hydrologie.de\/index.php\/category\/schriftenreihe\/\">Schriftenreihe<\/a><\/div><\/div><div   data-colibri-id=\"180-c11\" class=\"h-blog-title style-713 style-local-180-c11 position-relative h-element\"  ><!&#8212;-><div  class=\"h-global-transition-all\"><a href=\"https:\/\/www.netzwerk-hydrologie.de\/index.php\/2023\/02\/28\/band-volume-25-wenninger-j-2007-prozesshydrologische-untersuchung-im-system-boden-vegetation-atmosphare\/\"><h4 class=\"colibri-word-wrap\">Band\/volume 25: WENNINGER J. (2007): Prozesshydrologische Untersuchung im System Boden-Vegetation-Atmosph\u00e4re<\/h4><\/a><\/div><\/div><div   data-colibri-id=\"180-c12\" class=\"style-715 style-local-180-c12 position-relative h-element\"  ><!&#8212;-><div  class=\"h-global-transition-all\"><div class=\"colibri-post-excerpt\">Die vorliegende Arbeit \u201eProzesshydrologische Untersuchung im System Boden-Vegetation-Atmosph\u00e4re\u201c entstand im Rahmen des Forschungsprojektes Wasserhaushalt eines Waldes auf einem Trockenstandort und [&hellip;]<\/div><\/div><\/div><\/div><\/div><\/div><\/div><\/div><\/div><\/div><\/div>\n      \n      \n                    <\/div>\n                <\/div>\n              <\/div>\n            <\/div>\n          <\/div>\n        <\/div>\n      <\/div>\n    <\/div>\n  <\/div>\n<\/div>","protected":false},"excerpt":{"rendered":"<p>Freiburger Schriften zur Hydrologie Dank finanzieller und redaktioneller Beitr\u00e4ge des F\u00f6rdervereins wurde eine eigene Schriftenreihe f\u00fcr Hydrologie ins Leben gerufen. [&hellip;]<\/p>\n","protected":false},"author":1,"featured_media":0,"parent":0,"menu_order":0,"comment_status":"closed","ping_status":"closed","template":"page-templates\/full-width-page.php","meta":[],"_links":{"self":[{"href":"https:\/\/www.netzwerk-hydrologie.de\/index.php\/wp-json\/wp\/v2\/pages\/180"}],"collection":[{"href":"https:\/\/www.netzwerk-hydrologie.de\/index.php\/wp-json\/wp\/v2\/pages"}],"about":[{"href":"https:\/\/www.netzwerk-hydrologie.de\/index.php\/wp-json\/wp\/v2\/types\/page"}],"author":[{"embeddable":true,"href":"https:\/\/www.netzwerk-hydrologie.de\/index.php\/wp-json\/wp\/v2\/users\/1"}],"replies":[{"embeddable":true,"href":"https:\/\/www.netzwerk-hydrologie.de\/index.php\/wp-json\/wp\/v2\/comments?post=180"}],"version-history":[{"count":8,"href":"https:\/\/www.netzwerk-hydrologie.de\/index.php\/wp-json\/wp\/v2\/pages\/180\/revisions"}],"predecessor-version":[{"id":429,"href":"https:\/\/www.netzwerk-hydrologie.de\/index.php\/wp-json\/wp\/v2\/pages\/180\/revisions\/429"}],"wp:attachment":[{"href":"https:\/\/www.netzwerk-hydrologie.de\/index.php\/wp-json\/wp\/v2\/media?parent=180"}],"curies":[{"name":"wp","href":"https:\/\/api.w.org\/{rel}","templated":true}]}}