{"id":274,"date":"2023-02-28T08:24:14","date_gmt":"2023-02-28T08:24:14","guid":{"rendered":"http:\/\/fuhys011.public.ads.uni-freiburg.de\/?page_id=274"},"modified":"2024-12-02T11:29:44","modified_gmt":"2024-12-02T11:29:44","slug":"christian-leibundgut-preis","status":"publish","type":"page","link":"https:\/\/www.netzwerk-hydrologie.de\/index.php\/foerderungen\/christian-leibundgut-preis\/","title":{"rendered":"Christian-Leibundgut-Preis"},"content":{"rendered":"<div data-colibri-id=\"274-c1\" class=\"style-568 style-local-274-c1 position-relative\">\n  <!---->\n  <div data-colibri-component=\"section\" data-colibri-id=\"274-c2\" id=\"about\" class=\"h-section h-section-global-spacing d-flex align-items-lg-center align-items-md-center align-items-center style-606 style-local-274-c2 position-relative\">\n    <!---->\n    <!---->\n    <div class=\"h-section-grid-container h-section-boxed-container\">\n      <!---->\n      <div data-colibri-id=\"274-c3\" class=\"h-row-container gutters-row-lg-0 gutters-row-md-0 gutters-row-0 gutters-row-v-lg-0 gutters-row-v-md-0 gutters-row-v-0 style-607 style-local-274-c3 position-relative\">\n        <!---->\n        <div class=\"h-row justify-content-lg-center justify-content-md-center justify-content-center align-items-lg-stretch align-items-md-stretch align-items-stretch gutters-col-lg-0 gutters-col-md-0 gutters-col-0 gutters-col-v-lg-0 gutters-col-v-md-0 gutters-col-v-0\">\n          <!---->\n          <div class=\"h-column h-column-container d-flex h-col-lg-auto h-col-md-auto h-col-auto style-608-outer style-local-274-c4-outer\">\n            <div data-colibri-id=\"274-c4\" class=\"d-flex h-flex-basis h-column__inner h-px-lg-0 h-px-md-0 h-px-0 v-inner-lg-0 v-inner-md-0 v-inner-0 style-608 style-local-274-c4 position-relative\">\n              <!---->\n              <!---->\n              <div class=\"w-100 h-y-container h-column__content h-column__v-align flex-basis-100 align-self-lg-start align-self-md-start align-self-start\">\n                <!---->\n                <div data-colibri-id=\"274-c5\" class=\"h-text h-text-component style-945 style-local-274-c5 position-relative h-element\">\n                  <!---->\n                  <!---->\n                  <div class=\"\">\n                    <p>&nbsp;<\/p>\n                  <\/div>\n                <\/div>\n              <\/div>\n            <\/div>\n          <\/div>\n          <div class=\"h-column h-column-container d-flex h-col-lg-auto h-col-md-auto h-col-auto style-609-outer style-local-274-c6-outer\">\n            <div data-colibri-id=\"274-c6\" class=\"d-flex h-flex-basis h-column__inner h-px-lg-2 h-px-md-2 h-px-2 v-inner-lg-3 v-inner-md-3 v-inner-3 style-609 style-local-274-c6 position-relative\">\n              <!---->\n              <!---->\n              <div class=\"w-100 h-y-container h-column__content h-column__v-align flex-basis-100 align-self-lg-start align-self-md-start align-self-start\">\n                <!---->\n                <div data-colibri-id=\"274-c7\" class=\"h-global-transition-all h-heading style-611 style-local-274-c7 position-relative h-element\">\n                  <!---->\n                  <div class=\"h-heading__outer style-611 style-local-274-c7\">\n                    <!---->\n                    <!---->\n                    <h3 class=\"\">Christian-Leibundgut-Preis<\/h3>\n                  <\/div>\n                <\/div>\n                <div data-colibri-id=\"274-c8\" class=\"h-text h-text-component style-612 style-local-274-c8 position-relative h-element\">\n                  <!---->\n                  <!---->\n                  <div class=\"\">\n                    <p>Seit 2008 wird vom F\u00f6rderverein Hydrologie j\u00e4hrlich der Christian-Leibundgut-Preis verliehen und damit eine herausragende wissenschaftliche Leistung eines jungen Wissenschaftlers gew\u00fcrdigt. Der mit 500 \u20ac dotierte Preis zeichnet die\n                      beste schriftliche Abschlussarbeit aus, die im Begutachtungszeitraum am Institut f\u00fcr Hydrologie der Universit\u00e4t Freiburg erstellt wurde.<\/p>\n                  <\/div>\n                <\/div>\n              <\/div>\n            <\/div>\n          <\/div>\n        <\/div>\n      <\/div>\n    <\/div>\n  <\/div>\n  <div data-colibri-component=\"section\" data-colibri-id=\"274-c9\" id=\"custom\" class=\"h-section h-section-global-spacing d-flex align-items-lg-center align-items-md-center align-items-center style-613 style-local-274-c9 position-relative\">\n    <!---->\n    <!---->\n    <div class=\"h-section-grid-container h-section-boxed-container\">\n      <!---->\n      <div data-colibri-id=\"274-c10\" class=\"h-row-container gutters-row-lg-2 gutters-row-md-2 gutters-row-0 gutters-row-v-lg-2 gutters-row-v-md-2 gutters-row-v-2 style-614 style-local-274-c10 position-relative\">\n        <!---->\n        <div class=\"h-row justify-content-lg-center justify-content-md-center justify-content-center align-items-lg-stretch align-items-md-stretch align-items-stretch gutters-col-lg-2 gutters-col-md-2 gutters-col-0 gutters-col-v-lg-2 gutters-col-v-md-2 gutters-col-v-2\">\n          <!---->\n          <div class=\"h-column h-column-container d-flex h-col-lg-auto h-col-md-auto h-col-auto style-615-outer style-local-274-c11-outer\">\n            <div data-colibri-id=\"274-c11\" class=\"d-flex h-flex-basis h-column__inner h-px-lg-2 h-px-md-2 h-px-2 v-inner-lg-2 v-inner-md-2 v-inner-2 style-615 style-local-274-c11 position-relative\">\n              <!---->\n              <!---->\n              <div class=\"w-100 h-y-container h-column__content h-column__v-align flex-basis-100 align-self-lg-start align-self-md-start align-self-start\">\n                <!---->\n                <div data-colibri-id=\"274-c12\" class=\"h-text h-text-component style-616 style-local-274-c12 position-relative h-element\">\n                  <!---->\n                  <!---->\n                  <div class=\"\">\n                    <p>2023: M.Sc. Lena D\u00f6ttling f\u00fcr ihre Masterarbeit in Hydrologie<\/p>\n                    <p><strong>Potential des Modells RoGeR zur Vorhersage von Oberfl\u00e4chen- und Zwischenabfluss bei Starkregen<\/strong><\/p>\n                    <p>\n                      <br>\n                    <\/p>\n                    <p>2022: M.Sc. Konstantin Ilgen f\u00fcr seine Masterarbeit in Hydrologie<\/p>\n                    <p><strong>Der Einfluss eines schwimmenden Solarkraftwerks auf die Thermik und \u00d6kologie eines Baggersees<\/strong><\/p>\n                    <p>\n                      <br>\n                    <\/p>\n                    <p>2021: M.Sc. Max Schmit f\u00fcr seine Masterarbeit in Hydrologie<\/p>\n                    <p><strong>Ermittlung einer naturnahen urbanen Wasserbilanz (NatUrWB) als Zielvorgabe f\u00fcr deutsche St\u00e4dte &#8211; Erstellung eines interaktiven Webtools<\/strong><\/p>\n                    <p>\n                      <br>\n                    <\/p>\n                    <p>2019: M.Sc. Kathrin K\u00fchnhammer f\u00fcr ihre Masterarbeit in Hydrologie<\/p>\n                    <p><strong>Monitoring root water uptake of Centaurea jacea using water stable isotopess<\/strong><\/p>\n                    <p>\n                      <br>\n                    <\/p>\n                    <p>2018: M.Sc. Robin Schwemmle f\u00fcr seine Masterarbeit in Hydrologie<\/p>\n                    <p><strong>Climatic and Physiographic Controls on Errors of Large-scale Hydrological Models<\/strong><\/p>\n                    <p>\n                      <br>\n                    <\/p>\n                    <p>2017: M.Sc. Jan Greiwe f\u00fcr seine Masterarbeit in Hydrologie<\/p>\n                    <p><strong>Multi-Tracer-Versuche zur Ermittlung des Potentials k\u00fcnstlicher Feuchtfl\u00e4chen f\u00fcr den Pestizidabbau<\/strong><\/p>\n                    <p>\n                      <br>\n                    <\/p>\n                    <p>2016: M.Sc. Jost Hellwig f\u00fcr seine Masterarbeit in Hydrologie<\/p>\n                    <p><strong>Auswirkungen von Trockenheit auf die Wasserqualit\u00e4t von Flie\u00dfgew\u00e4ssern in Baden-W\u00fcrttemberg<\/strong><\/p>\n                    <p>\n                      <br>\n                    <\/p>\n                    <p>2015: M.Sc. Andreas Lange f\u00fcr seine Masterarbeit in Hydrologie<\/p>\n                    <p><strong>Alpine Groundwater &#8211; Investigations of an Alluvial Aquifer<\/strong><\/p>\n                    <p>\n                      <br>\n                    <\/p>\n                    <p>2014: M.Sc. Barbara Sailer ihre Masterarbeit in Hydrologie<\/p>\n                    <p><strong>Climate change scenarios in international river basins: Is the uneven distribution of water resources increasing?<\/strong><\/p>\n                    <p>\n                      <br>\n                    <\/p>\n                    <p>2013: M.Sc. Benjamin Eisele f\u00fcr seine Masterarbeit in Hydrologie<\/p>\n                    <p><strong>Spatial variability of stable isotope profiles in soil and their relation to preferential flow<\/strong><\/p>\n                    <p>\n                      <br>\n                    <\/p>\n                    <p>2011: Dr. Tobias Sch\u00fctz f\u00fcr seine Dissertation in Hydrologie<\/p>\n                    <p><strong>Solute Transport Dynamics in Constructed Wetlands &#8211; Studien zur Dynamik des Stofftransports in k\u00fcnstlichen Feuchtfl\u00e4chen<\/strong><\/p>\n                    <p>\n                      <br>\n                    <\/p>\n                    <p>2010: Dipl. Hyd. Fabian Ries f\u00fcr seine Diplomarbeit in Hydrologie<\/p>\n                    <p><strong>Hochwasserabflussprozesse und Hochwassermanagement in kleinen Einzugsgebieten<\/strong><\/p>\n                    <p>\n                      <br>\n                    <\/p>\n                    <p>2009: Dipl. Hyd. Deborah Zwilling f\u00fcr ihre Diplomarbeit in Hydrologie<\/p>\n                    <p><strong>Isotopengehalt von Sauerstoff-18 und Deuterium in Bodenluft und Bodenwasser: eine vergleichende Studie mit Hilfe von S\u00e4ulenversuchen<\/strong><\/p>\n                    <p>\n                      <br>\n                    <\/p>\n                    <p>2008: Dipl. Hyd. Michael St\u00f6lzle f\u00fcr seine Diplomarbeit in Hydrologie<\/p>\n                    <p><strong>Ver\u00e4nderungen der Wetterlagenh\u00e4ufigkeiten und der Isotopenzusammensetzung des Niederschlags in Deutschland<\/strong><\/p>\n                    <p>\n                      <br>\n                    <\/p>\n                  <\/div>\n                <\/div>\n              <\/div>\n            <\/div>\n          <\/div>\n        <\/div>\n      <\/div>\n    <\/div>\n  <\/div>\n<\/div>","protected":false},"excerpt":{"rendered":"<p>&nbsp; Christian-Leibundgut-Preis Seit 2008 wird vom F\u00f6rderverein Hydrologie j\u00e4hrlich der Christian-Leibundgut-Preis verliehen und damit eine herausragende wissenschaftliche Leistung eines jungen Wissenschaftlers gew\u00fcrdigt. Der mit 500 \u20ac dotierte Preis zeichnet die beste schriftliche Abschlussarbeit aus, die im Begutachtungszeitraum am Institut f\u00fcr Hydrologie der Universit\u00e4t Freiburg erstellt wurde. 2023: M.Sc. Lena D\u00f6ttling f\u00fcr ihre Masterarbeit in Hydrologie [&hellip;]<\/p>\n","protected":false},"author":1,"featured_media":0,"parent":125,"menu_order":0,"comment_status":"closed","ping_status":"closed","template":"page-templates\/full-width-page.php","meta":[],"_links":{"self":[{"href":"https:\/\/www.netzwerk-hydrologie.de\/index.php\/wp-json\/wp\/v2\/pages\/274"}],"collection":[{"href":"https:\/\/www.netzwerk-hydrologie.de\/index.php\/wp-json\/wp\/v2\/pages"}],"about":[{"href":"https:\/\/www.netzwerk-hydrologie.de\/index.php\/wp-json\/wp\/v2\/types\/page"}],"author":[{"embeddable":true,"href":"https:\/\/www.netzwerk-hydrologie.de\/index.php\/wp-json\/wp\/v2\/users\/1"}],"replies":[{"embeddable":true,"href":"https:\/\/www.netzwerk-hydrologie.de\/index.php\/wp-json\/wp\/v2\/comments?post=274"}],"version-history":[{"count":6,"href":"https:\/\/www.netzwerk-hydrologie.de\/index.php\/wp-json\/wp\/v2\/pages\/274\/revisions"}],"predecessor-version":[{"id":1085,"href":"https:\/\/www.netzwerk-hydrologie.de\/index.php\/wp-json\/wp\/v2\/pages\/274\/revisions\/1085"}],"up":[{"embeddable":true,"href":"https:\/\/www.netzwerk-hydrologie.de\/index.php\/wp-json\/wp\/v2\/pages\/125"}],"wp:attachment":[{"href":"https:\/\/www.netzwerk-hydrologie.de\/index.php\/wp-json\/wp\/v2\/media?parent=274"}],"curies":[{"name":"wp","href":"https:\/\/api.w.org\/{rel}","templated":true}]}}