{"id":284,"date":"2023-02-28T08:25:01","date_gmt":"2023-02-28T08:25:01","guid":{"rendered":"http:\/\/fuhys011.public.ads.uni-freiburg.de\/?page_id=284"},"modified":"2023-02-28T08:37:56","modified_gmt":"2023-02-28T08:37:56","slug":"deutschlandstipendium","status":"publish","type":"page","link":"https:\/\/www.netzwerk-hydrologie.de\/index.php\/foerderungen\/deutschlandstipendium\/","title":{"rendered":"Deutschland-Stipendium"},"content":{"rendered":"<div data-colibri-id=\"284-c1\" class=\"style-572 style-local-284-c1 position-relative\">\n  <!---->\n  <div data-colibri-component=\"section\" data-colibri-id=\"284-c5\" id=\"about\" class=\"h-section h-section-global-spacing d-flex align-items-lg-center align-items-md-center align-items-center style-580 style-local-284-c5 position-relative\">\n    <!---->\n    <!---->\n    <div class=\"h-section-grid-container h-section-boxed-container\">\n      <!---->\n      <div data-colibri-id=\"284-c6\" class=\"h-row-container gutters-row-lg-2 gutters-row-md-2 gutters-row-2 gutters-row-v-lg-2 gutters-row-v-md-2 gutters-row-v-2 style-581 style-local-284-c6 position-relative\">\n        <!---->\n        <div class=\"h-row justify-content-lg-center justify-content-md-center justify-content-center align-items-lg-stretch align-items-md-stretch align-items-stretch gutters-col-lg-2 gutters-col-md-2 gutters-col-2 gutters-col-v-lg-2 gutters-col-v-md-2 gutters-col-v-2\">\n          <!---->\n          <div class=\"h-column h-column-container d-flex h-col-lg-auto h-col-md-auto h-col-auto style-582-outer style-local-284-c7-outer\">\n            <div data-colibri-id=\"284-c7\" class=\"d-flex h-flex-basis h-column__inner h-px-lg-2 h-px-md-2 h-px-2 v-inner-lg-2 v-inner-md-2 v-inner-2 style-582 style-local-284-c7 position-relative\">\n              <!---->\n              <!---->\n              <div class=\"w-100 h-y-container h-column__content h-column__v-align flex-basis-100 align-self-lg-center align-self-md-center align-self-center\">\n                <!---->\n                <div data-colibri-id=\"284-c10\" class=\"h-text h-text-component style-585 style-local-284-c10 position-relative h-element\">\n                  <!---->\n                  <!---->\n                  <div class=\"\">\n                    <p>Der F\u00f6rderverein Hydrologie unterst\u00fctzt ab 2020 ein Deutschlandstipendium im Master Hydrologie. Um die F\u00f6rderung zu erhalten, bewerben sie sich bitte direkt im Bewerbungsportal. Da es auch noch Stipendien ausschlie\u00dflich f\u00fcr unsere\n                      Fakult\u00e4t gibt, haben sie sicher eine recht gute Chance, ein Stipendium zu bekommen.<\/p>\n                    <p>F\u00fcr das Deutschlandstipendium k\u00f6nnen sich Studierende vom 1. bis 31. M\u00e4rz des aktuellen Jahres \u00fcber das Bewerbungsportal um eines der rund 150 Stipendien bewerben.<\/p>\n                    <p>Ausschlie\u00dflich f\u00fcr Studierende der Fakult\u00e4t f\u00fcr Umwelt und Nat\u00fcrliche Ressourcen sind bislang 16 (!) Stipendien vorbehalten.\n                      <br> Au\u00dferdem je ein Stipendium f\u00fcr Studierende der Hydrologie sowie der Wirtschaftswissenschaften.<\/p>\n                  <\/div>\n                <\/div>\n                <div data-colibri-id=\"284-c11\" class=\"h-x-container style-586 style-local-284-c11 position-relative h-element\">\n                  <!---->\n                  <div class=\"h-x-container-inner style-dynamic-284-c11-group style-586-spacing style-local-284-c11-spacing\"><span class=\"h-button__outer style-587-outer style-local-284-c12-outer d-inline-flex h-element\"><a h-use-smooth-scroll=\"true\" href=\"https:\/\/www.studium.uni-freiburg.de\/de\/beratung\/stipendien\/deutschlandstipendium\"  data-colibri-id=\"284-c12\" class=\"d-flex w-100 align-items-center h-button justify-content-lg-center justify-content-md-center justify-content-center style-587 style-local-284-c12 position-relative\"><!----><!----> <span>Zum Bewerbungsportal<\/span><\/a>\n                    <\/span>\n                  <\/div>\n                <\/div>\n              <\/div>\n            <\/div>\n          <\/div>\n          <div class=\"h-column h-column-container d-flex h-col-lg-auto h-col-md-auto h-col-auto style-588-outer style-local-284-c13-outer\">\n            <div data-colibri-id=\"284-c13\" class=\"d-flex h-flex-basis h-column__inner h-px-lg-2 h-px-md-2 h-px-2 v-inner-lg-2 v-inner-md-2 v-inner-2 style-588 style-local-284-c13 position-relative\">\n              <!---->\n              <!---->\n              <div class=\"w-100 h-y-container h-column__content h-column__v-align flex-basis-100 align-self-lg-center align-self-md-center align-self-center\">\n                <!---->\n                <div data-colibri-id=\"284-c14\" class=\"d-block style-589 style-local-284-c14 position-relative h-element\">\n                  <!---->\n                  <div class=\"h-image__frame-container-outer\">\n                    <div class=\"h-image__frame-container\">\n                      <!---->\n                      <!---->\n                      <img decoding=\"async\" loading=\"lazy\" width=\"1024\" height=\"512\" src=\"https:\/\/www.netzwerk-hydrologie.de\/wp-content\/uploads\/2023\/02\/BMBF_Logo_Deutschlandstipendium_Hochschule-1024x512-1436116969.jpg\" class=\"wp-image-128 style-589-image style-local-284-c14-image\" srcset=\"https:\/\/www.netzwerk-hydrologie.de\/wp-content\/uploads\/2023\/02\/BMBF_Logo_Deutschlandstipendium_Hochschule-1024x512-1436116969.jpg 1024w, https:\/\/www.netzwerk-hydrologie.de\/wp-content\/uploads\/2023\/02\/BMBF_Logo_Deutschlandstipendium_Hochschule-1024x512-1436116969-300x150.jpg 300w, https:\/\/www.netzwerk-hydrologie.de\/wp-content\/uploads\/2023\/02\/BMBF_Logo_Deutschlandstipendium_Hochschule-1024x512-1436116969-768x384.jpg 768w\" sizes=\"(max-width: 1024px) 100vw, 1024px\" alt=\"\" \/>\n                      <div class=\"h-image__frame h-hide-sm style-589-frameImage style-local-284-c14-frameImage\"><\/div>\n                    <\/div>\n                  <\/div>\n                <\/div>\n              <\/div>\n            <\/div>\n          <\/div>\n        <\/div>\n      <\/div>\n    <\/div>\n  <\/div>\n<\/div>","protected":false},"excerpt":{"rendered":"<p>Der F\u00f6rderverein Hydrologie unterst\u00fctzt ab 2020 ein Deutschlandstipendium im Master Hydrologie. Um die F\u00f6rderung zu erhalten, bewerben sie sich bitte direkt im Bewerbungsportal. Da es auch noch Stipendien ausschlie\u00dflich f\u00fcr unsere Fakult\u00e4t gibt, haben sie sicher eine recht gute Chance, ein Stipendium zu bekommen. F\u00fcr das Deutschlandstipendium k\u00f6nnen sich Studierende vom 1. bis 31. M\u00e4rz [&hellip;]<\/p>\n","protected":false},"author":1,"featured_media":0,"parent":125,"menu_order":0,"comment_status":"closed","ping_status":"closed","template":"page-templates\/full-width-page.php","meta":[],"_links":{"self":[{"href":"https:\/\/www.netzwerk-hydrologie.de\/index.php\/wp-json\/wp\/v2\/pages\/284"}],"collection":[{"href":"https:\/\/www.netzwerk-hydrologie.de\/index.php\/wp-json\/wp\/v2\/pages"}],"about":[{"href":"https:\/\/www.netzwerk-hydrologie.de\/index.php\/wp-json\/wp\/v2\/types\/page"}],"author":[{"embeddable":true,"href":"https:\/\/www.netzwerk-hydrologie.de\/index.php\/wp-json\/wp\/v2\/users\/1"}],"replies":[{"embeddable":true,"href":"https:\/\/www.netzwerk-hydrologie.de\/index.php\/wp-json\/wp\/v2\/comments?post=284"}],"version-history":[{"count":5,"href":"https:\/\/www.netzwerk-hydrologie.de\/index.php\/wp-json\/wp\/v2\/pages\/284\/revisions"}],"predecessor-version":[{"id":321,"href":"https:\/\/www.netzwerk-hydrologie.de\/index.php\/wp-json\/wp\/v2\/pages\/284\/revisions\/321"}],"up":[{"embeddable":true,"href":"https:\/\/www.netzwerk-hydrologie.de\/index.php\/wp-json\/wp\/v2\/pages\/125"}],"wp:attachment":[{"href":"https:\/\/www.netzwerk-hydrologie.de\/index.php\/wp-json\/wp\/v2\/media?parent=284"}],"curies":[{"name":"wp","href":"https:\/\/api.w.org\/{rel}","templated":true}]}}